{"id":56,"date":"2025-04-16T17:42:07","date_gmt":"2025-04-16T17:42:07","guid":{"rendered":"https:\/\/presented.com.ar\/?page_id=56"},"modified":"2026-02-13T19:19:41","modified_gmt":"2026-02-13T19:19:41","slug":"quienes-somos","status":"publish","type":"page","link":"https:\/\/presented.com.ar\/index.php\/quienes-somos\/","title":{"rendered":"\u00bfQui\u00e9nes somos?"},"content":{"rendered":"<div data-colibri-id=\"56-c1\" class=\"style-420 style-local-56-c1 position-relative\">\n  <!---->\n  <div data-colibri-component=\"section\" data-colibri-id=\"56-c2\" id=\"features\" class=\"h-section h-section-global-spacing d-flex align-items-lg-center align-items-md-center align-items-center style-455 style-local-56-c2 position-relative\">\n    <!---->\n    <!---->\n    <div class=\"h-section-grid-container h-section-boxed-container\">\n      <div data-colibri-id=\"56-c20\" class=\"h-row-container gutters-row-lg-2 gutters-row-md-2 gutters-row-0 gutters-row-v-lg-2 gutters-row-v-md-2 gutters-row-v-2 style-467 style-local-56-c20 position-relative\">\n        <!---->\n        <div class=\"h-row justify-content-lg-center justify-content-md-center justify-content-center align-items-lg-stretch align-items-md-stretch align-items-stretch gutters-col-lg-2 gutters-col-md-2 gutters-col-0 gutters-col-v-lg-2 gutters-col-v-md-2 gutters-col-v-2\">\n          <!---->\n          <div class=\"h-column h-column-container d-flex h-col-lg-auto h-col-md-auto h-col-auto style-468-outer style-local-56-c21-outer\">\n            <div data-colibri-id=\"56-c21\" class=\"d-flex h-flex-basis h-column__inner h-px-lg-2 h-px-md-2 h-px-2 v-inner-lg-2 v-inner-md-2 v-inner-2 style-468 style-local-56-c21 position-relative\">\n              <!---->\n              <!---->\n              <div class=\"w-100 h-y-container h-column__content h-column__v-align flex-basis-100 align-self-lg-start align-self-md-start align-self-start\">\n                <!---->\n                <div data-colibri-id=\"56-c22\" class=\"h-text h-text-component style-470 style-local-56-c22 position-relative h-element\">\n                  <!---->\n                  <!---->\n                  <div class=\"\">\n                    <h4>UN EQUIPO QUE COMBINA EXPERIENCIA, CREATIVIDAD Y COMPROMISO<\/h4>\n                  <\/div>\n                <\/div>\n              <\/div>\n            <\/div>\n          <\/div>\n        <\/div>\n      <\/div>\n      <div data-colibri-id=\"56-c23\" class=\"h-row-container gutters-row-lg-2 gutters-row-md-2 gutters-row-2 gutters-row-v-lg-2 gutters-row-v-md-2 gutters-row-v-2 style-463 style-local-56-c23 position-relative\">\n        <!---->\n        <div class=\"h-row justify-content-lg-center justify-content-md-center justify-content-center align-items-lg-stretch align-items-md-stretch align-items-stretch gutters-col-lg-2 gutters-col-md-2 gutters-col-2 gutters-col-v-lg-2 gutters-col-v-md-2 gutters-col-v-2\">\n          <!---->\n          <div class=\"h-column h-column-container d-flex h-col-lg-auto h-col-md-auto h-col-auto style-464-outer style-local-56-c24-outer\">\n            <div data-colibri-id=\"56-c24\" class=\"d-flex h-flex-basis h-column__inner h-px-lg-2 h-px-md-2 h-px-2 v-inner-lg-2 v-inner-md-2 v-inner-2 style-464 style-local-56-c24 position-relative\">\n              <!---->\n              <!---->\n              <div class=\"w-100 h-y-container h-column__content h-column__v-align flex-basis-100 align-self-lg-start align-self-md-start align-self-start\">\n                <!---->\n                <div data-colibri-id=\"56-c25\" class=\"h-global-transition-all h-heading style-465 style-local-56-c25 position-relative h-element\">\n                  <!---->\n                  <div class=\"h-heading__outer style-465 style-local-56-c25\">\n                    <!---->\n                    <!---->\n                    <h2 class=\"\">Somos personas que ense\u00f1an, aprenden y crean<\/h2>\n                  <\/div>\n                <\/div>\n                <div data-colibri-id=\"56-c26\" class=\"h-lead h-text h-text-component style-466 style-local-56-c26 position-relative h-element\">\n                  <!---->\n                  <!---->\n                  <div class=\"\">\n                    <p><em style=\"color: rgb(70, 112, 127); font-family: &quot;Open Sans&quot;; font-size: 16px; font-weight: 400;\">Presented<\/em><span style=\"color: rgb(70, 112, 127); font-family: &quot;Open Sans&quot;; font-size: 16px; font-weight: 400;\">&nbsp;es una empresa de base tecnol\u00f3gica especializada en dise\u00f1o e implementaci\u00f3n de soluciones de formaci\u00f3n digital para organizaciones p\u00fablicas y privadas, asociaciones profesionales, organismos internacionales e instituciones en general que quieran transformar el aprendizaje en una experiencia significativa, accesible y situada.<\/span><\/p>\n                  <\/div>\n                <\/div>\n              <\/div>\n            <\/div>\n          <\/div>\n        <\/div>\n      <\/div>\n      <div data-colibri-id=\"56-c3\" class=\"h-row-container gutters-row-lg-2 gutters-row-md-2 gutters-row-2 gutters-row-v-lg-2 gutters-row-v-md-2 gutters-row-v-2 style-456 style-local-56-c3 position-relative\">\n        <!---->\n        <div class=\"h-row justify-content-lg-center justify-content-md-center justify-content-center align-items-lg-stretch align-items-md-stretch align-items-stretch gutters-col-lg-2 gutters-col-md-2 gutters-col-2 gutters-col-v-lg-2 gutters-col-v-md-2 gutters-col-v-2\">\n          <!---->\n          <div class=\"h-column h-column-container d-flex h-col-lg-3 h-col-md-6 h-col-12 style-457-outer style-local-56-c4-outer\">\n            <div data-colibri-id=\"56-c4\" class=\"d-flex h-flex-basis h-column__inner h-px-lg-0 h-px-md-0 h-px-0 v-inner-lg-0 v-inner-md-0 v-inner-0 style-457 style-local-56-c4 position-relative\">\n              <!---->\n              <!---->\n              <div class=\"w-100 h-y-container h-column__content h-column__v-align flex-basis-100 align-self-lg-start align-self-md-start align-self-start\">\n                <!---->\n                <div data-colibri-id=\"56-c5\" class=\"d-block style-458 style-local-56-c5 position-relative h-element\">\n                  <!---->\n                  <div class=\"h-image__frame-container-outer\">\n                    <div class=\"h-image__frame-container\">\n                      <!---->\n                      <!---->\n                      <img loading=\"lazy\" decoding=\"async\" width=\"1024\" height=\"1024\" src=\"https:\/\/presented.com.ar\/wp-content\/uploads\/2025\/09\/Trabajo-colaborativo-digital.png\" class=\"wp-image-266 style-458-image style-local-56-c5-image\" alt=\"\" srcset=\"https:\/\/presented.com.ar\/wp-content\/uploads\/2025\/09\/Trabajo-colaborativo-digital.png 1024w, https:\/\/presented.com.ar\/wp-content\/uploads\/2025\/09\/Trabajo-colaborativo-digital-300x300.png 300w, https:\/\/presented.com.ar\/wp-content\/uploads\/2025\/09\/Trabajo-colaborativo-digital-150x150.png 150w, https:\/\/presented.com.ar\/wp-content\/uploads\/2025\/09\/Trabajo-colaborativo-digital-768x768.png 768w\" sizes=\"auto, (max-width: 1024px) 100vw, 1024px\" \/>\n                      <div class=\"h-image__frame h-hide-lg h-hide-md h-hide-sm style-458-frameImage style-local-56-c5-frameImage\"><\/div>\n                    <\/div>\n                  <\/div>\n                <\/div>\n                <div data-colibri-id=\"56-c6\" class=\"h-global-transition-all h-heading style-459 style-local-56-c6 position-relative h-element\">\n                  <!---->\n                  <div class=\"h-heading__outer style-459 style-local-56-c6\">\n                    <!---->\n                    <!---->\n                    <h4 class=\"\">Trabajo colaborativo<\/h4>\n                  <\/div>\n                <\/div>\n                <div data-colibri-id=\"56-c7\" class=\"h-text h-text-component style-460 style-local-56-c7 position-relative h-element\">\n                  <!---->\n                  <!---->\n                  <div class=\"\">\n                    <p><span style=\"font-weight: 400; font-size: 16px; font-family: &quot;Open Sans&quot;; color: rgb(70, 112, 127);\">Dise\u00f1amos cada proyecto de forma conjunta, integrando saberes pedag\u00f3gicos, t\u00e9cnicos y creativos. Valoramos el intercambio, la escucha y la mejora continua.<\/span><\/p>\n                  <\/div>\n                <\/div>\n              <\/div>\n            <\/div>\n          <\/div>\n          <div class=\"h-column h-column-container d-flex h-col-lg-3 h-col-md-6 h-col-12 style-457-outer style-local-56-c8-outer\">\n            <div data-colibri-id=\"56-c8\" class=\"d-flex h-flex-basis h-column__inner h-px-lg-0 h-px-md-0 h-px-0 v-inner-lg-0 v-inner-md-0 v-inner-0 style-457 style-local-56-c8 position-relative\">\n              <!---->\n              <!---->\n              <div class=\"w-100 h-y-container h-column__content h-column__v-align flex-basis-100 align-self-lg-start align-self-md-start align-self-start\">\n                <!---->\n                <div data-colibri-id=\"56-c9\" class=\"d-block style-458 style-local-56-c9 position-relative h-element\">\n                  <!---->\n                  <div class=\"h-image__frame-container-outer\">\n                    <div class=\"h-image__frame-container\">\n                      <!---->\n                      <!---->\n                      <img loading=\"lazy\" decoding=\"async\" width=\"1024\" height=\"1024\" src=\"https:\/\/presented.com.ar\/wp-content\/uploads\/2025\/09\/ChatGPT-Image-8-sept-2025-12_24_25.png\" class=\"wp-image-267 style-458-image style-local-56-c9-image\" alt=\"\" srcset=\"https:\/\/presented.com.ar\/wp-content\/uploads\/2025\/09\/ChatGPT-Image-8-sept-2025-12_24_25.png 1024w, https:\/\/presented.com.ar\/wp-content\/uploads\/2025\/09\/ChatGPT-Image-8-sept-2025-12_24_25-300x300.png 300w, https:\/\/presented.com.ar\/wp-content\/uploads\/2025\/09\/ChatGPT-Image-8-sept-2025-12_24_25-150x150.png 150w, https:\/\/presented.com.ar\/wp-content\/uploads\/2025\/09\/ChatGPT-Image-8-sept-2025-12_24_25-768x768.png 768w\" sizes=\"auto, (max-width: 1024px) 100vw, 1024px\" \/>\n                      <div class=\"h-image__frame h-hide-lg h-hide-md h-hide-sm style-458-frameImage style-local-56-c9-frameImage\"><\/div>\n                    <\/div>\n                  <\/div>\n                <\/div>\n                <div data-colibri-id=\"56-c10\" class=\"h-global-transition-all h-heading style-459 style-local-56-c10 position-relative h-element\">\n                  <!---->\n                  <div class=\"h-heading__outer style-459 style-local-56-c10\">\n                    <!---->\n                    <!---->\n                    <h4 class=\"\">Enfoque pedag\u00f3gico<\/h4>\n                  <\/div>\n                <\/div>\n                <div data-colibri-id=\"56-c11\" class=\"h-text h-text-component style-460 style-local-56-c11 position-relative h-element\">\n                  <!---->\n                  <!---->\n                  <div class=\"\">\n                    <p><span style=\"font-weight: 400; font-size: 16px; font-family: &quot;Open Sans&quot;; color: rgb(70, 112, 127);\">Todas nuestras decisiones est\u00e1n atravesadas por una mirada educativa. No se trata solo de tecnolog\u00eda, sino de c\u00f3mo aprendemos y c\u00f3mo acompa\u00f1amos a otros a hacerlo.<\/span><\/p>\n                  <\/div>\n                <\/div>\n              <\/div>\n            <\/div>\n          <\/div>\n          <div class=\"h-column h-column-container d-flex h-col-lg-3 h-col-md-6 h-col-12 style-457-outer style-local-56-c12-outer\">\n            <div data-colibri-id=\"56-c12\" class=\"d-flex h-flex-basis h-column__inner h-px-lg-0 h-px-md-0 h-px-0 v-inner-lg-0 v-inner-md-0 v-inner-0 style-457 style-local-56-c12 position-relative\">\n              <!---->\n              <!---->\n              <div class=\"w-100 h-y-container h-column__content h-column__v-align flex-basis-100 align-self-lg-start align-self-md-start align-self-start\">\n                <!---->\n                <div data-colibri-id=\"56-c13\" class=\"d-block style-458 style-local-56-c13 position-relative h-element\">\n                  <!---->\n                  <div class=\"h-image__frame-container-outer\">\n                    <div class=\"h-image__frame-container\">\n                      <!---->\n                      <!---->\n                      <img loading=\"lazy\" decoding=\"async\" width=\"1024\" height=\"1024\" src=\"https:\/\/presented.com.ar\/wp-content\/uploads\/2025\/09\/Gemini_Generated_Image_eorriheorriheorr.png\" class=\"wp-image-280 style-458-image style-local-56-c13-image\" alt=\"\" srcset=\"https:\/\/presented.com.ar\/wp-content\/uploads\/2025\/09\/Gemini_Generated_Image_eorriheorriheorr.png 1024w, https:\/\/presented.com.ar\/wp-content\/uploads\/2025\/09\/Gemini_Generated_Image_eorriheorriheorr-300x300.png 300w, https:\/\/presented.com.ar\/wp-content\/uploads\/2025\/09\/Gemini_Generated_Image_eorriheorriheorr-150x150.png 150w, https:\/\/presented.com.ar\/wp-content\/uploads\/2025\/09\/Gemini_Generated_Image_eorriheorriheorr-768x768.png 768w\" sizes=\"auto, (max-width: 1024px) 100vw, 1024px\" \/>\n                      <div class=\"h-image__frame h-hide-lg h-hide-md h-hide-sm style-458-frameImage style-local-56-c13-frameImage\"><\/div>\n                    <\/div>\n                  <\/div>\n                <\/div>\n                <div data-colibri-id=\"56-c14\" class=\"h-global-transition-all h-heading style-459 style-local-56-c14 position-relative h-element\">\n                  <!---->\n                  <div class=\"h-heading__outer style-459 style-local-56-c14\">\n                    <!---->\n                    <!---->\n                    <h4 class=\"\">Creatividad en acci\u00f3n<\/h4>\n                  <\/div>\n                <\/div>\n                <div data-colibri-id=\"56-c15\" class=\"h-text h-text-component style-460 style-local-56-c15 position-relative h-element\">\n                  <!---->\n                  <!---->\n                  <div class=\"\">\n                    <p><span style=\"font-weight: 400; font-size: 16px; font-family: &quot;Open Sans&quot;; color: rgb(70, 112, 127);\">Creamos contenidos originales, accesibles y atractivos. Nos gusta explorar formatos y lenguajes diversos para conectar con distintos p\u00fablicos.<\/span><\/p>\n                  <\/div>\n                <\/div>\n              <\/div>\n            <\/div>\n          <\/div>\n          <div class=\"h-column h-column-container d-flex h-col-lg-3 h-col-md-6 h-col-12 style-457-outer style-local-56-c16-outer\">\n            <div data-colibri-id=\"56-c16\" class=\"d-flex h-flex-basis h-column__inner h-px-lg-0 h-px-md-0 h-px-0 v-inner-lg-0 v-inner-md-0 v-inner-0 style-457 style-local-56-c16 position-relative\">\n              <!---->\n              <!---->\n              <div class=\"w-100 h-y-container h-column__content h-column__v-align flex-basis-100 align-self-lg-start align-self-md-start align-self-start\">\n                <!---->\n                <div data-colibri-id=\"56-c17\" class=\"d-block style-458 style-local-56-c17 position-relative h-element\">\n                  <!---->\n                  <div class=\"h-image__frame-container-outer\">\n                    <div class=\"h-image__frame-container\">\n                      <!---->\n                      <!---->\n                      <img loading=\"lazy\" decoding=\"async\" width=\"1024\" height=\"1024\" src=\"https:\/\/presented.com.ar\/wp-content\/uploads\/2025\/09\/Gemini_Generated_Image_ygaj3kygaj3kygaj.png\" class=\"wp-image-282 style-458-image style-local-56-c17-image\" alt=\"\" srcset=\"https:\/\/presented.com.ar\/wp-content\/uploads\/2025\/09\/Gemini_Generated_Image_ygaj3kygaj3kygaj.png 1024w, https:\/\/presented.com.ar\/wp-content\/uploads\/2025\/09\/Gemini_Generated_Image_ygaj3kygaj3kygaj-300x300.png 300w, https:\/\/presented.com.ar\/wp-content\/uploads\/2025\/09\/Gemini_Generated_Image_ygaj3kygaj3kygaj-150x150.png 150w, https:\/\/presented.com.ar\/wp-content\/uploads\/2025\/09\/Gemini_Generated_Image_ygaj3kygaj3kygaj-768x768.png 768w\" sizes=\"auto, (max-width: 1024px) 100vw, 1024px\" \/>\n                      <div class=\"h-image__frame h-hide-lg h-hide-md h-hide-sm style-458-frameImage style-local-56-c17-frameImage\"><\/div>\n                    <\/div>\n                  <\/div>\n                <\/div>\n                <div data-colibri-id=\"56-c18\" class=\"h-global-transition-all h-heading style-459 style-local-56-c18 position-relative h-element\">\n                  <!---->\n                  <div class=\"h-heading__outer style-459 style-local-56-c18\">\n                    <!---->\n                    <!---->\n                    <h4 class=\"\">Vocaci\u00f3n transformadora<\/h4>\n                  <\/div>\n                <\/div>\n                <div data-colibri-id=\"56-c19\" class=\"h-text h-text-component style-460 style-local-56-c19 position-relative h-element\">\n                  <!---->\n                  <!---->\n                  <div class=\"\">\n                    <p><span style=\"font-weight: 400; font-size: 16px; font-family: &quot;Open Sans&quot;; color: rgb(70, 112, 127);\">Nos motiva contribuir a una formaci\u00f3n m\u00e1s inclusiva, cr\u00edtica y adaptada a los desaf\u00edos del presente. Creemos en la educaci\u00f3n como motor de cambio.<\/span><\/p>\n                  <\/div>\n                <\/div>\n              <\/div>\n            <\/div>\n          <\/div>\n        <\/div>\n      <\/div>\n    <\/div>\n  <\/div>\n<\/div>","protected":false},"excerpt":{"rendered":"<p>UN EQUIPO QUE COMBINA EXPERIENCIA, CREATIVIDAD Y COMPROMISO Somos personas que ense\u00f1an, aprenden y crean Presented&nbsp;es una empresa de base tecnol\u00f3gica especializada en dise\u00f1o e implementaci\u00f3n de soluciones de formaci\u00f3n digital para organizaciones p\u00fablicas y privadas, asociaciones profesionales, organismos internacionales e instituciones en general que quieran transformar el aprendizaje en una experiencia significativa, accesible y [&hellip;]<\/p>\n","protected":false},"author":2,"featured_media":0,"parent":0,"menu_order":0,"comment_status":"closed","ping_status":"closed","template":"page-templates\/full-width-page.php","meta":{"footnotes":""},"class_list":["post-56","page","type-page","status-publish","hentry"],"_links":{"self":[{"href":"https:\/\/presented.com.ar\/index.php\/wp-json\/wp\/v2\/pages\/56","targetHints":{"allow":["GET"]}}],"collection":[{"href":"https:\/\/presented.com.ar\/index.php\/wp-json\/wp\/v2\/pages"}],"about":[{"href":"https:\/\/presented.com.ar\/index.php\/wp-json\/wp\/v2\/types\/page"}],"author":[{"embeddable":true,"href":"https:\/\/presented.com.ar\/index.php\/wp-json\/wp\/v2\/users\/2"}],"replies":[{"embeddable":true,"href":"https:\/\/presented.com.ar\/index.php\/wp-json\/wp\/v2\/comments?post=56"}],"version-history":[{"count":8,"href":"https:\/\/presented.com.ar\/index.php\/wp-json\/wp\/v2\/pages\/56\/revisions"}],"predecessor-version":[{"id":476,"href":"https:\/\/presented.com.ar\/index.php\/wp-json\/wp\/v2\/pages\/56\/revisions\/476"}],"wp:attachment":[{"href":"https:\/\/presented.com.ar\/index.php\/wp-json\/wp\/v2\/media?parent=56"}],"curies":[{"name":"wp","href":"https:\/\/api.w.org\/{rel}","templated":true}]}}